{"id":7654,"date":"2023-10-11T12:54:51","date_gmt":"2023-10-11T15:54:51","guid":{"rendered":"https:\/\/gtl.cl\/?post_type=product&#038;p=7654"},"modified":"2026-03-14T07:32:02","modified_gmt":"2026-03-14T10:32:02","slug":"crt30-r10l","status":"publish","type":"product","link":"https:\/\/www.getec.cl\/home\/producto\/crt30-r10l\/","title":{"rendered":"CRT30-R10L"},"content":{"rendered":"<p>M30, control de rotaci\u00f3n inductivo, control de reducci\u00f3n de velocidad, restablecimiento autom\u00e1tico o funci\u00f3n de bloqueo en condici\u00f3n de alarma, 5 hilos, cable de 2 m, 18-50 VCC\/18-240 VCA, detecci\u00f3n de 4-6 mm<\/p>\n","protected":false},"excerpt":{"rendered":"<p><a href=\"http:\/\/www.getec.cl\/home\/info\/AE 2038.pdf\" target=\"_blank\" rel=\"noopener\">Descargar Informacion Tecnica (PDF)<\/a><\/p>\n","protected":false},"featured_media":5770,"template":"","meta":{"_uag_custom_page_level_css":"","site-sidebar-layout":"default","site-content-layout":"","ast-site-content-layout":"default","site-content-style":"default","site-sidebar-style":"default","ast-global-header-display":"","ast-banner-title-visibility":"","ast-main-header-display":"","ast-hfb-above-header-display":"","ast-hfb-below-header-display":"","ast-hfb-mobile-header-display":"","site-post-title":"","ast-breadcrumbs-content":"","ast-featured-img":"","footer-sml-layout":"","ast-disable-related-posts":"","theme-transparent-header-meta":"","adv-header-id-meta":"","stick-header-meta":"","header-above-stick-meta":"","header-main-stick-meta":"","header-below-stick-meta":"","astra-migrate-meta-layouts":"default","ast-page-background-enabled":"default","ast-page-background-meta":{"desktop":{"background-color":"","background-image":"","background-repeat":"repeat","background-position":"center center","background-size":"auto","background-attachment":"scroll","background-type":"","background-media":"","overlay-type":"","overlay-color":"","overlay-opacity":"","overlay-gradient":""},"tablet":{"background-color":"","background-image":"","background-repeat":"repeat","background-position":"center center","background-size":"auto","background-attachment":"scroll","background-type":"","background-media":"","overlay-type":"","overlay-color":"","overlay-opacity":"","overlay-gradient":""},"mobile":{"background-color":"","background-image":"","background-repeat":"repeat","background-position":"center center","background-size":"auto","background-attachment":"scroll","background-type":"","background-media":"","overlay-type":"","overlay-color":"","overlay-opacity":"","overlay-gradient":""}},"ast-content-background-meta":{"desktop":{"background-color":"var(--ast-global-color-5)","background-image":"","background-repeat":"repeat","background-position":"center center","background-size":"auto","background-attachment":"scroll","background-type":"","background-media":"","overlay-type":"","overlay-color":"","overlay-opacity":"","overlay-gradient":""},"tablet":{"background-color":"var(--ast-global-color-5)","background-image":"","background-repeat":"repeat","background-position":"center center","background-size":"auto","background-attachment":"scroll","background-type":"","background-media":"","overlay-type":"","overlay-color":"","overlay-opacity":"","overlay-gradient":""},"mobile":{"background-color":"var(--ast-global-color-5)","background-image":"","background-repeat":"repeat","background-position":"center center","background-size":"auto","background-attachment":"scroll","background-type":"","background-media":"","overlay-type":"","overlay-color":"","overlay-opacity":"","overlay-gradient":""}},"_joinchat":[]},"product_brand":[],"product_cat":[59],"product_tag":[58],"class_list":{"0":"post-7654","1":"product","2":"type-product","3":"status-publish","4":"has-post-thumbnail","6":"product_cat-sensor-nivel","7":"product_tag-aeco","8":"pa_marca-aeco","9":"desktop-align-center","10":"tablet-align-left","11":"mobile-align-center","13":"first","14":"instock","15":"taxable","16":"shipping-taxable","17":"purchasable","18":"product-type-simple"},"uagb_featured_image_src":{"full":["https:\/\/www.getec.cl\/home\/wp-content\/uploads\/2023\/10\/AE202038.png",1040,780,false],"thumbnail":["https:\/\/www.getec.cl\/home\/wp-content\/uploads\/2023\/10\/AE202038-150x150.png",150,150,true],"medium":["https:\/\/www.getec.cl\/home\/wp-content\/uploads\/2023\/10\/AE202038-300x225.png",300,225,true],"medium_large":["https:\/\/www.getec.cl\/home\/wp-content\/uploads\/2023\/10\/AE202038-768x576.png",768,576,true],"large":["https:\/\/www.getec.cl\/home\/wp-content\/uploads\/2023\/10\/AE202038-1024x768.png",1024,768,true],"1536x1536":["https:\/\/www.getec.cl\/home\/wp-content\/uploads\/2023\/10\/AE202038.png",1040,780,false],"2048x2048":["https:\/\/www.getec.cl\/home\/wp-content\/uploads\/2023\/10\/AE202038.png",1040,780,false],"woocommerce_thumbnail":["https:\/\/www.getec.cl\/home\/wp-content\/uploads\/2023\/10\/AE202038-300x225.png",300,225,true],"woocommerce_single":["https:\/\/www.getec.cl\/home\/wp-content\/uploads\/2023\/10\/AE202038-600x450.png",600,450,true],"woocommerce_gallery_thumbnail":["https:\/\/www.getec.cl\/home\/wp-content\/uploads\/2023\/10\/AE202038-100x100.png",100,100,true],"dgwt-wcas-product-suggestion":["https:\/\/www.getec.cl\/home\/wp-content\/uploads\/2023\/10\/AE202038.png",64,48,false]},"uagb_author_info":{"display_name":"getec","author_link":"https:\/\/www.getec.cl\/home\/author\/"},"uagb_comment_info":0,"uagb_excerpt":"Descargar Informacion Tecnica (PDF)","_links":{"self":[{"href":"https:\/\/www.getec.cl\/home\/wp-json\/wp\/v2\/product\/7654","targetHints":{"allow":["GET"]}}],"collection":[{"href":"https:\/\/www.getec.cl\/home\/wp-json\/wp\/v2\/product"}],"about":[{"href":"https:\/\/www.getec.cl\/home\/wp-json\/wp\/v2\/types\/product"}],"wp:featuredmedia":[{"embeddable":true,"href":"https:\/\/www.getec.cl\/home\/wp-json\/wp\/v2\/media\/5770"}],"wp:attachment":[{"href":"https:\/\/www.getec.cl\/home\/wp-json\/wp\/v2\/media?parent=7654"}],"wp:term":[{"taxonomy":"product_brand","embeddable":true,"href":"https:\/\/www.getec.cl\/home\/wp-json\/wp\/v2\/product_brand?post=7654"},{"taxonomy":"product_cat","embeddable":true,"href":"https:\/\/www.getec.cl\/home\/wp-json\/wp\/v2\/product_cat?post=7654"},{"taxonomy":"product_tag","embeddable":true,"href":"https:\/\/www.getec.cl\/home\/wp-json\/wp\/v2\/product_tag?post=7654"}],"curies":[{"name":"wp","href":"https:\/\/api.w.org\/{rel}","templated":true}]}}