{"id":7622,"date":"2023-10-11T12:54:27","date_gmt":"2023-10-11T15:54:27","guid":{"rendered":"https:\/\/gtl.cl\/?post_type=product&#038;p=7622"},"modified":"2026-04-13T11:00:39","modified_gmt":"2026-04-13T15:00:39","slug":"smp-302-no-sensor-magnetico-aeco-2-mts-cable","status":"publish","type":"product","link":"https:\/\/www.getec.cl\/home\/producto\/smp-302-no-sensor-magnetico-aeco-2-mts-cable\/","title":{"rendered":"SMP-302 NO Sensor Magnetico Aeco 2 Mts cable"},"content":{"rendered":"<table class=\"table table-striped\" cellspacing=\"0\" cellpadding=\"2\">\n<tbody>\n<tr>\n<td class=\"riga1\" width=\"40%\">Tensi\u00f3n m\u00e1xima de conmutaci\u00f3n :<\/td>\n<td class=\"riga1\" width=\"60%\">230 Vac\/dc<\/td>\n<\/tr>\n<tr>\n<td class=\"riga2\" width=\"40%\">Corriente m\u00e1xima de conmutaci\u00f3n :<\/td>\n<td class=\"riga2\" width=\"60%\">500 mA<\/td>\n<\/tr>\n<tr>\n<td class=\"riga1\" width=\"40%\">Potencia m\u00e1xima de conmutaci\u00f3n :<\/td>\n<td class=\"riga1\" width=\"60%\">50 W\/VA<\/td>\n<\/tr>\n<tr>\n<td class=\"riga2\" width=\"40%\">Frecuencia de conmutaci\u00f3n :<\/td>\n<td class=\"riga2\" width=\"60%\">230 Hz<\/td>\n<\/tr>\n<tr>\n<td class=\"riga1\" width=\"40%\">Tipo de contacto :<\/td>\n<td class=\"riga1\" width=\"60%\">Reed est\u00e1ndar<\/td>\n<\/tr>\n<tr>\n<td class=\"riga2\" width=\"40%\">Tiempo de activaci\u00f3n del contacto :<\/td>\n<td class=\"riga2\" width=\"60%\">2 mSec<\/td>\n<\/tr>\n<tr>\n<td class=\"riga1\" width=\"40%\">Repetibilidad (%Sn) :<\/td>\n<td class=\"riga1\" width=\"60%\">\u00b1 0.3<\/td>\n<\/tr>\n<tr>\n<td class=\"riga2\" width=\"40%\">L\u00edmites de temperatura :<\/td>\n<td class=\"riga2\" width=\"60%\">-25 \u00f7 +100 \u00b0C<\/td>\n<\/tr>\n<tr>\n<td class=\"riga1\" width=\"40%\">Grado de protecci\u00f3n :<\/td>\n<td class=\"riga1\" width=\"60%\">IP 67<\/td>\n<\/tr>\n<tr>\n<td class=\"riga2\" width=\"40%\">Tipo de conexi\u00f3n :<\/td>\n<td class=\"riga2\" width=\"60%\">Cable 2 m<\/td>\n<\/tr>\n<tr>\n<td class=\"riga1\" width=\"40%\">Material de la carcasa :<\/td>\n<td class=\"riga1\" width=\"60%\">Pl\u00e1stica<\/td>\n<\/tr>\n<tr>\n<td class=\"riga2\" width=\"40%\">Caracter\u00edsticas mec\u00e1nicas :<\/td>\n<td class=\"riga2\" width=\"60%\">SMP 15x32x8<\/td>\n<\/tr>\n<tr>\n<td class=\"riga1\" width=\"40%\">Tipo de cable :<\/td>\n<td class=\"riga1\" width=\"60%\">2&#215;0.25 PVC<\/td>\n<\/tr>\n<tr>\n<td class=\"riga2\" width=\"40%\">Peso :<\/td>\n<td class=\"riga2\" width=\"60%\">40 g<\/td>\n<\/tr>\n<\/tbody>\n<\/table>\n","protected":false},"excerpt":{"rendered":"<p><a href=\"http:\/\/www.getec.cl\/home\/info\/AE 1945.pdf\" target=\"_blank\" rel=\"noopener\">Descargar Informacion Tecnica (PDF)<\/a><\/p>\n","protected":false},"featured_media":5732,"template":"","meta":{"_uag_custom_page_level_css":"","site-sidebar-layout":"default","site-content-layout":"","ast-site-content-layout":"default","site-content-style":"default","site-sidebar-style":"default","ast-global-header-display":"","ast-banner-title-visibility":"","ast-main-header-display":"","ast-hfb-above-header-display":"","ast-hfb-below-header-display":"","ast-hfb-mobile-header-display":"","site-post-title":"","ast-breadcrumbs-content":"","ast-featured-img":"","footer-sml-layout":"","ast-disable-related-posts":"","theme-transparent-header-meta":"","adv-header-id-meta":"","stick-header-meta":"","header-above-stick-meta":"","header-main-stick-meta":"","header-below-stick-meta":"","astra-migrate-meta-layouts":"default","ast-page-background-enabled":"default","ast-page-background-meta":{"desktop":{"background-color":"","background-image":"","background-repeat":"repeat","background-position":"center center","background-size":"auto","background-attachment":"scroll","background-type":"","background-media":"","overlay-type":"","overlay-color":"","overlay-opacity":"","overlay-gradient":""},"tablet":{"background-color":"","background-image":"","background-repeat":"repeat","background-position":"center center","background-size":"auto","background-attachment":"scroll","background-type":"","background-media":"","overlay-type":"","overlay-color":"","overlay-opacity":"","overlay-gradient":""},"mobile":{"background-color":"","background-image":"","background-repeat":"repeat","background-position":"center center","background-size":"auto","background-attachment":"scroll","background-type":"","background-media":"","overlay-type":"","overlay-color":"","overlay-opacity":"","overlay-gradient":""}},"ast-content-background-meta":{"desktop":{"background-color":"var(--ast-global-color-5)","background-image":"","background-repeat":"repeat","background-position":"center center","background-size":"auto","background-attachment":"scroll","background-type":"","background-media":"","overlay-type":"","overlay-color":"","overlay-opacity":"","overlay-gradient":""},"tablet":{"background-color":"var(--ast-global-color-5)","background-image":"","background-repeat":"repeat","background-position":"center center","background-size":"auto","background-attachment":"scroll","background-type":"","background-media":"","overlay-type":"","overlay-color":"","overlay-opacity":"","overlay-gradient":""},"mobile":{"background-color":"var(--ast-global-color-5)","background-image":"","background-repeat":"repeat","background-position":"center center","background-size":"auto","background-attachment":"scroll","background-type":"","background-media":"","overlay-type":"","overlay-color":"","overlay-opacity":"","overlay-gradient":""}},"_joinchat":[]},"product_brand":[],"product_cat":[63],"product_tag":[58],"class_list":{"0":"post-7622","1":"product","2":"type-product","3":"status-publish","4":"has-post-thumbnail","6":"product_cat-sensor-magnetico","7":"product_tag-aeco","8":"pa_marca-aeco","9":"desktop-align-center","10":"tablet-align-left","11":"mobile-align-center","13":"first","14":"instock","15":"taxable","16":"shipping-taxable","17":"purchasable","18":"product-type-simple"},"uagb_featured_image_src":{"full":["https:\/\/www.getec.cl\/home\/wp-content\/uploads\/2023\/10\/AE201945.png",1040,780,false],"thumbnail":["https:\/\/www.getec.cl\/home\/wp-content\/uploads\/2023\/10\/AE201945-150x150.png",150,150,true],"medium":["https:\/\/www.getec.cl\/home\/wp-content\/uploads\/2023\/10\/AE201945-300x225.png",300,225,true],"medium_large":["https:\/\/www.getec.cl\/home\/wp-content\/uploads\/2023\/10\/AE201945-768x576.png",768,576,true],"large":["https:\/\/www.getec.cl\/home\/wp-content\/uploads\/2023\/10\/AE201945-1024x768.png",1024,768,true],"1536x1536":["https:\/\/www.getec.cl\/home\/wp-content\/uploads\/2023\/10\/AE201945.png",1040,780,false],"2048x2048":["https:\/\/www.getec.cl\/home\/wp-content\/uploads\/2023\/10\/AE201945.png",1040,780,false],"woocommerce_thumbnail":["https:\/\/www.getec.cl\/home\/wp-content\/uploads\/2023\/10\/AE201945-300x225.png",300,225,true],"woocommerce_single":["https:\/\/www.getec.cl\/home\/wp-content\/uploads\/2023\/10\/AE201945-600x450.png",600,450,true],"woocommerce_gallery_thumbnail":["https:\/\/www.getec.cl\/home\/wp-content\/uploads\/2023\/10\/AE201945-100x100.png",100,100,true],"dgwt-wcas-product-suggestion":["https:\/\/www.getec.cl\/home\/wp-content\/uploads\/2023\/10\/AE201945.png",64,48,false]},"uagb_author_info":{"display_name":"getec","author_link":"https:\/\/www.getec.cl\/home\/author\/"},"uagb_comment_info":0,"uagb_excerpt":"Descargar Informacion Tecnica (PDF)","_links":{"self":[{"href":"https:\/\/www.getec.cl\/home\/wp-json\/wp\/v2\/product\/7622","targetHints":{"allow":["GET"]}}],"collection":[{"href":"https:\/\/www.getec.cl\/home\/wp-json\/wp\/v2\/product"}],"about":[{"href":"https:\/\/www.getec.cl\/home\/wp-json\/wp\/v2\/types\/product"}],"wp:featuredmedia":[{"embeddable":true,"href":"https:\/\/www.getec.cl\/home\/wp-json\/wp\/v2\/media\/5732"}],"wp:attachment":[{"href":"https:\/\/www.getec.cl\/home\/wp-json\/wp\/v2\/media?parent=7622"}],"wp:term":[{"taxonomy":"product_brand","embeddable":true,"href":"https:\/\/www.getec.cl\/home\/wp-json\/wp\/v2\/product_brand?post=7622"},{"taxonomy":"product_cat","embeddable":true,"href":"https:\/\/www.getec.cl\/home\/wp-json\/wp\/v2\/product_cat?post=7622"},{"taxonomy":"product_tag","embeddable":true,"href":"https:\/\/www.getec.cl\/home\/wp-json\/wp\/v2\/product_tag?post=7622"}],"curies":[{"name":"wp","href":"https:\/\/api.w.org\/{rel}","templated":true}]}}