{"id":7610,"date":"2023-10-11T12:54:25","date_gmt":"2023-10-11T15:54:25","guid":{"rendered":"https:\/\/gtl.cl\/?post_type=product&#038;p=7610"},"modified":"2026-03-14T07:31:54","modified_gmt":"2026-03-14T10:31:54","slug":"siq80-ae50-nc-lc2","status":"publish","type":"product","link":"https:\/\/www.getec.cl\/home\/producto\/siq80-ae50-nc-lc2\/","title":{"rendered":"SIQ80-AE50 NC LC2"},"content":{"rendered":"<table class=\"table table-striped\" cellspacing=\"0\" cellpadding=\"2\">\n<tbody>\n<tr>\n<td class=\"riga1\" width=\"40%\">Tipo de fuente de alimentaci\u00f3n :<\/td>\n<td class=\"riga1\" width=\"60%\">Corriente alterna<\/td>\n<\/tr>\n<tr>\n<td class=\"riga2\" width=\"40%\">Tensi\u00f3n de funcionamiento [V]:<\/td>\n<td class=\"riga2\" width=\"60%\">20 \u00f7 250<\/td>\n<\/tr>\n<tr>\n<td class=\"riga1\" width=\"40%\">Clase de protecci\u00f3n :<\/td>\n<td class=\"riga1\" width=\"60%\">III<\/td>\n<\/tr>\n<tr>\n<td class=\"rigaTitolo\" colspan=\"2\"><strong>Salidas<\/strong><\/td>\n<\/tr>\n<tr>\n<td class=\"riga1\" width=\"40%\">Funci\u00f3n :<\/td>\n<td class=\"riga1\" width=\"60%\">NO<\/td>\n<\/tr>\n<tr>\n<td class=\"riga2\" width=\"40%\">Ca\u00edda de tensi\u00f3n m\u00e1xima [V]:<\/td>\n<td class=\"riga2\" width=\"60%\">&lt; 6<\/td>\n<\/tr>\n<tr>\n<td class=\"riga1\" width=\"40%\">Corriente de salida m\u00e1xima [mA]:<\/td>\n<td class=\"riga1\" width=\"60%\">300<\/td>\n<\/tr>\n<tr>\n<td class=\"riga2\" width=\"40%\">Corriente de salida m\u00ednima [mA]:<\/td>\n<td class=\"riga2\" width=\"60%\">5<\/td>\n<\/tr>\n<tr>\n<td class=\"riga1\" width=\"40%\">Pico de corriente maxima [A]:<\/td>\n<td class=\"riga1\" width=\"60%\">1.5<\/td>\n<\/tr>\n<tr>\n<td class=\"riga2\" width=\"40%\">Corriente residual [mA]:<\/td>\n<td class=\"riga2\" width=\"60%\">&lt; 1<\/td>\n<\/tr>\n<tr>\n<td class=\"riga1\" width=\"40%\">Frecuencia de conmutaci\u00f3n [Hz]:<\/td>\n<td class=\"riga1\" width=\"60%\">12<\/td>\n<\/tr>\n<tr>\n<td class=\"rigaTitolo\" colspan=\"2\"><strong>Campo de detecci\u00f3n<\/strong><\/td>\n<\/tr>\n<tr>\n<td class=\"riga1\" width=\"40%\">Distancia de conmutaci\u00f3n-Sn [mm]:<\/td>\n<td class=\"riga1\" width=\"60%\">10 \u00f7 60 (ajustable)<\/td>\n<\/tr>\n<tr>\n<td class=\"rigaTitolo\" colspan=\"2\"><strong>Precisi\u00f3n y Variaciones<\/strong><\/td>\n<\/tr>\n<tr>\n<td class=\"riga1\" width=\"40%\">Factor de correcci\u00f3n :<\/td>\n<td class=\"riga1\" width=\"60%\">Acero inoxidable: 0.9 &#8211; Lat\u00f3n: 0.5 &#8211; Aluminio: 0.4 &#8211; Cobre: 0.4<\/td>\n<\/tr>\n<tr>\n<td class=\"riga2\" width=\"40%\">Hist\u00e9resis [%Sr]:<\/td>\n<td class=\"riga2\" width=\"60%\">&lt; 10 con Sn=50mm<\/td>\n<\/tr>\n<tr>\n<td class=\"riga1\" width=\"40%\">Repetibilidad [%Sn]:<\/td>\n<td class=\"riga1\" width=\"60%\">&lt; 3<\/td>\n<\/tr>\n<tr>\n<td class=\"rigaTitolo\" colspan=\"2\"><strong>Condiciones ambientales<\/strong><\/td>\n<\/tr>\n<tr>\n<td class=\"riga1\" width=\"40%\">L\u00edmites de temperatura [\u00b0C]:<\/td>\n<td class=\"riga1\" width=\"60%\">-25\/+70<\/td>\n<\/tr>\n<tr>\n<td class=\"riga2\" width=\"40%\">Grado de protecci\u00f3n :<\/td>\n<td class=\"riga2\" width=\"60%\">IP65-IP66-IP67<\/td>\n<\/tr>\n<tr>\n<td class=\"rigaTitolo\" colspan=\"2\"><strong>Elementos de visualizaci\u00f3n y control<\/strong><\/td>\n<\/tr>\n<tr>\n<td class=\"riga1\" width=\"40%\">Se\u00f1alizaci\u00f3n :<\/td>\n<td class=\"riga1\" width=\"60%\">Estado de conmutaci\u00f3n de salida &#8211; 1 x LED: Amarillo<\/td>\n<\/tr>\n<tr>\n<td class=\"rigaTitolo\" colspan=\"2\"><strong>Datos mec\u00e1nicos<\/strong><\/td>\n<\/tr>\n<tr>\n<td class=\"riga1\" width=\"40%\">Carcasa :<\/td>\n<td class=\"riga1\" width=\"60%\">Paralelep\u00edpedo<\/td>\n<\/tr>\n<tr>\n<td class=\"riga2\" width=\"40%\">Dimensiones [mm]:<\/td>\n<td class=\"riga2\" width=\"60%\">80 x 80 x 50<\/td>\n<\/tr>\n<tr>\n<td class=\"riga1\" width=\"40%\">Materiales :<\/td>\n<td class=\"riga1\" width=\"60%\">Carcasa: PC azul &#8211; Superficie activa: PC azul<\/td>\n<\/tr>\n<tr>\n<td class=\"riga2\" width=\"40%\">Montaje :<\/td>\n<td class=\"riga2\" width=\"60%\">No enrasado<\/td>\n<\/tr>\n<tr>\n<td class=\"riga1\" width=\"40%\">Peso [g]:<\/td>\n<td class=\"riga1\" width=\"60%\">550<\/td>\n<\/tr>\n<tr>\n<td class=\"rigaTitolo\" colspan=\"2\"><strong>Conexiones el\u00e9ctricas<\/strong><\/td>\n<\/tr>\n<tr>\n<td class=\"riga1\" width=\"40%\">Cable :<\/td>\n<td class=\"riga1\" width=\"60%\">5 m &#8211; PVC\/PVC -2 x 0.50 mm\u00b2<\/td>\n<\/tr>\n<tr>\n<td class=\"rigaTitolo\" colspan=\"2\"><strong>Conformidad con las normas \/ Directivas<\/strong><\/td>\n<\/tr>\n<tr>\n<td class=\"riga1\" width=\"40%\">Cumplimiento de directivas :<\/td>\n<td class=\"riga1\" width=\"60%\">2014\/30\/UE &#8211; Directiva de compatibilidad electromagn\u00e9tica (CEM)<br \/>\n2014\/35\/UE &#8211; Directiva de baja tensi\u00f3n (DBT)<\/td>\n<\/tr>\n<tr>\n<td class=\"riga2\" width=\"40%\">Cumplimiento de normas :<\/td>\n<td class=\"riga2\" width=\"60%\">EN60947<\/td>\n<\/tr>\n<\/tbody>\n<\/table>\n","protected":false},"excerpt":{"rendered":"<p><a href=\"http:\/\/www.getec.cl\/home\/info\/AE 1914.pdf\" target=\"_blank\" rel=\"noopener\">Descargar Informacion Tecnica (PDF)<\/a><\/p>\n","protected":false},"featured_media":5702,"template":"","meta":{"_uag_custom_page_level_css":"","site-sidebar-layout":"default","site-content-layout":"","ast-site-content-layout":"default","site-content-style":"default","site-sidebar-style":"default","ast-global-header-display":"","ast-banner-title-visibility":"","ast-main-header-display":"","ast-hfb-above-header-display":"","ast-hfb-below-header-display":"","ast-hfb-mobile-header-display":"","site-post-title":"","ast-breadcrumbs-content":"","ast-featured-img":"","footer-sml-layout":"","ast-disable-related-posts":"","theme-transparent-header-meta":"","adv-header-id-meta":"","stick-header-meta":"","header-above-stick-meta":"","header-main-stick-meta":"","header-below-stick-meta":"","astra-migrate-meta-layouts":"default","ast-page-background-enabled":"default","ast-page-background-meta":{"desktop":{"background-color":"","background-image":"","background-repeat":"repeat","background-position":"center center","background-size":"auto","background-attachment":"scroll","background-type":"","background-media":"","overlay-type":"","overlay-color":"","overlay-opacity":"","overlay-gradient":""},"tablet":{"background-color":"","background-image":"","background-repeat":"repeat","background-position":"center center","background-size":"auto","background-attachment":"scroll","background-type":"","background-media":"","overlay-type":"","overlay-color":"","overlay-opacity":"","overlay-gradient":""},"mobile":{"background-color":"","background-image":"","background-repeat":"repeat","background-position":"center center","background-size":"auto","background-attachment":"scroll","background-type":"","background-media":"","overlay-type":"","overlay-color":"","overlay-opacity":"","overlay-gradient":""}},"ast-content-background-meta":{"desktop":{"background-color":"var(--ast-global-color-5)","background-image":"","background-repeat":"repeat","background-position":"center center","background-size":"auto","background-attachment":"scroll","background-type":"","background-media":"","overlay-type":"","overlay-color":"","overlay-opacity":"","overlay-gradient":""},"tablet":{"background-color":"var(--ast-global-color-5)","background-image":"","background-repeat":"repeat","background-position":"center center","background-size":"auto","background-attachment":"scroll","background-type":"","background-media":"","overlay-type":"","overlay-color":"","overlay-opacity":"","overlay-gradient":""},"mobile":{"background-color":"var(--ast-global-color-5)","background-image":"","background-repeat":"repeat","background-position":"center center","background-size":"auto","background-attachment":"scroll","background-type":"","background-media":"","overlay-type":"","overlay-color":"","overlay-opacity":"","overlay-gradient":""}},"_joinchat":[]},"product_brand":[],"product_cat":[64],"product_tag":[58],"class_list":{"0":"post-7610","1":"product","2":"type-product","3":"status-publish","4":"has-post-thumbnail","6":"product_cat-sensor-inductivo","7":"product_tag-aeco","8":"pa_marca-aeco","9":"desktop-align-center","10":"tablet-align-left","11":"mobile-align-center","13":"first","14":"instock","15":"taxable","16":"shipping-taxable","17":"purchasable","18":"product-type-simple"},"uagb_featured_image_src":{"full":["https:\/\/www.getec.cl\/home\/wp-content\/uploads\/2023\/10\/AE201914.png",1040,780,false],"thumbnail":["https:\/\/www.getec.cl\/home\/wp-content\/uploads\/2023\/10\/AE201914-150x150.png",150,150,true],"medium":["https:\/\/www.getec.cl\/home\/wp-content\/uploads\/2023\/10\/AE201914-300x225.png",300,225,true],"medium_large":["https:\/\/www.getec.cl\/home\/wp-content\/uploads\/2023\/10\/AE201914-768x576.png",768,576,true],"large":["https:\/\/www.getec.cl\/home\/wp-content\/uploads\/2023\/10\/AE201914-1024x768.png",1024,768,true],"1536x1536":["https:\/\/www.getec.cl\/home\/wp-content\/uploads\/2023\/10\/AE201914.png",1040,780,false],"2048x2048":["https:\/\/www.getec.cl\/home\/wp-content\/uploads\/2023\/10\/AE201914.png",1040,780,false],"woocommerce_thumbnail":["https:\/\/www.getec.cl\/home\/wp-content\/uploads\/2023\/10\/AE201914-300x225.png",300,225,true],"woocommerce_single":["https:\/\/www.getec.cl\/home\/wp-content\/uploads\/2023\/10\/AE201914-600x450.png",600,450,true],"woocommerce_gallery_thumbnail":["https:\/\/www.getec.cl\/home\/wp-content\/uploads\/2023\/10\/AE201914-100x100.png",100,100,true],"dgwt-wcas-product-suggestion":["https:\/\/www.getec.cl\/home\/wp-content\/uploads\/2023\/10\/AE201914.png",64,48,false]},"uagb_author_info":{"display_name":"getec","author_link":"https:\/\/www.getec.cl\/home\/author\/"},"uagb_comment_info":0,"uagb_excerpt":"Descargar Informacion Tecnica (PDF)","_links":{"self":[{"href":"https:\/\/www.getec.cl\/home\/wp-json\/wp\/v2\/product\/7610","targetHints":{"allow":["GET"]}}],"collection":[{"href":"https:\/\/www.getec.cl\/home\/wp-json\/wp\/v2\/product"}],"about":[{"href":"https:\/\/www.getec.cl\/home\/wp-json\/wp\/v2\/types\/product"}],"wp:featuredmedia":[{"embeddable":true,"href":"https:\/\/www.getec.cl\/home\/wp-json\/wp\/v2\/media\/5702"}],"wp:attachment":[{"href":"https:\/\/www.getec.cl\/home\/wp-json\/wp\/v2\/media?parent=7610"}],"wp:term":[{"taxonomy":"product_brand","embeddable":true,"href":"https:\/\/www.getec.cl\/home\/wp-json\/wp\/v2\/product_brand?post=7610"},{"taxonomy":"product_cat","embeddable":true,"href":"https:\/\/www.getec.cl\/home\/wp-json\/wp\/v2\/product_cat?post=7610"},{"taxonomy":"product_tag","embeddable":true,"href":"https:\/\/www.getec.cl\/home\/wp-json\/wp\/v2\/product_tag?post=7610"}],"curies":[{"name":"wp","href":"https:\/\/api.w.org\/{rel}","templated":true}]}}