{"id":7482,"date":"2023-10-11T12:52:55","date_gmt":"2023-10-11T15:52:55","guid":{"rendered":"https:\/\/gtl.cl\/?post_type=product&#038;p=7482"},"modified":"2026-03-14T07:31:34","modified_gmt":"2026-03-14T10:31:34","slug":"si-6-5-dc2-pnp-no","status":"publish","type":"product","link":"https:\/\/www.getec.cl\/home\/producto\/si-6-5-dc2-pnp-no\/","title":{"rendered":"SI 6.5-DC2 PNP NO"},"content":{"rendered":"<div class=\"main-cont-wrap wrap flex\">\n<div class=\"main-cont-dx pagina\">\n<div>\n<div class=\"row features-row martop\">\n<div class=\"panel panel-default\">\n<div class=\"panel-body\">\n<div>\n<div class=\"tab-content\">\n<div id=\"caratteristiche\" class=\"tab-pane active\" role=\"tabpanel\">\n<table class=\"table table-striped\" cellspacing=\"0\" cellpadding=\"2\">\n<tbody>\n<tr>\n<td class=\"riga1\" width=\"40%\">Tipo de fuente de alimentaci\u00f3n :<\/td>\n<td class=\"riga1\" width=\"60%\">Corriente directa<\/td>\n<\/tr>\n<tr>\n<td class=\"riga2\" width=\"40%\">Tensi\u00f3n de funcionamiento [V]:<\/td>\n<td class=\"riga2\" width=\"60%\">10 \u00f7 30<\/td>\n<\/tr>\n<tr>\n<td class=\"riga1\" width=\"40%\">Consumo de corriente [mA]:<\/td>\n<td class=\"riga1\" width=\"60%\">&lt; 12 mA @ 24Vdc<\/td>\n<\/tr>\n<tr>\n<td class=\"riga2\" width=\"40%\">Clase de protecci\u00f3n :<\/td>\n<td class=\"riga2\" width=\"60%\">III<\/td>\n<\/tr>\n<tr>\n<td class=\"riga1\" width=\"40%\">Protecci\u00f3n contra inversiones de polaridad :<\/td>\n<td class=\"riga1\" width=\"60%\">Presente<\/td>\n<\/tr>\n<tr>\n<td class=\"rigaTitolo\" colspan=\"2\"><strong>Salidas<\/strong><\/td>\n<\/tr>\n<tr>\n<td class=\"riga1\" width=\"40%\">Modelo electrico :<\/td>\n<td class=\"riga1\" width=\"60%\">PNP<\/td>\n<\/tr>\n<tr>\n<td class=\"riga2\" width=\"40%\">Funci\u00f3n :<\/td>\n<td class=\"riga2\" width=\"60%\">NO<\/td>\n<\/tr>\n<tr>\n<td class=\"riga1\" width=\"40%\">Ca\u00edda de tensi\u00f3n m\u00e1xima [V]:<\/td>\n<td class=\"riga1\" width=\"60%\">&lt; 1.8<\/td>\n<\/tr>\n<tr>\n<td class=\"riga2\" width=\"40%\">Corriente de salida m\u00e1xima [mA]:<\/td>\n<td class=\"riga2\" width=\"60%\">200<\/td>\n<\/tr>\n<tr>\n<td class=\"riga1\" width=\"40%\">Frecuencia de conmutaci\u00f3n [Hz]:<\/td>\n<td class=\"riga1\" width=\"60%\">2000<\/td>\n<\/tr>\n<tr>\n<td class=\"riga2\" width=\"40%\">Protecci\u00f3n contra cortocircuito :<\/td>\n<td class=\"riga2\" width=\"60%\">Presente<\/td>\n<\/tr>\n<tr>\n<td class=\"riga1\" width=\"40%\">Resistente a sobrecargas :<\/td>\n<td class=\"riga1\" width=\"60%\">Presente<\/td>\n<\/tr>\n<tr>\n<td class=\"rigaTitolo\" colspan=\"2\"><strong>Campo de detecci\u00f3n<\/strong><\/td>\n<\/tr>\n<tr>\n<td class=\"riga1\" width=\"40%\">Distancia de conmutaci\u00f3n-Sn [mm]:<\/td>\n<td class=\"riga1\" width=\"60%\">2<\/td>\n<\/tr>\n<tr>\n<td class=\"riga2\" width=\"40%\">Distancia de conmutaci\u00f3n real-Sr [mm]:<\/td>\n<td class=\"riga2\" width=\"60%\">2 \u00b110%<\/td>\n<\/tr>\n<tr>\n<td class=\"riga1\" width=\"40%\">Distancia de operaci\u00f3n -So [mm]:<\/td>\n<td class=\"riga1\" width=\"60%\">0 \u00f7 1.62<\/td>\n<\/tr>\n<tr>\n<td class=\"riga2\" width=\"40%\">Distancia de conmutaci\u00f3n aumentada :<\/td>\n<td class=\"riga2\" width=\"60%\">Si<\/td>\n<\/tr>\n<tr>\n<td class=\"rigaTitolo\" colspan=\"2\"><strong>Precisi\u00f3n y Variaciones<\/strong><\/td>\n<\/tr>\n<tr>\n<td class=\"riga1\" width=\"40%\">Factor de correcci\u00f3n :<\/td>\n<td class=\"riga1\" width=\"60%\">Acero inoxidable: 0.9 &#8211; Lat\u00f3n: 0.5 &#8211; Aluminio: 0.4 &#8211; Cobre: 0.4<\/td>\n<\/tr>\n<tr>\n<td class=\"riga2\" width=\"40%\">Hist\u00e9resis [%Sr]:<\/td>\n<td class=\"riga2\" width=\"60%\">&lt; 10<\/td>\n<\/tr>\n<tr>\n<td class=\"riga1\" width=\"40%\">Deriva del punto de conmutaci\u00f3n [%Sr]:<\/td>\n<td class=\"riga1\" width=\"60%\">-1<\/td>\n<\/tr>\n<tr>\n<td class=\"riga2\" width=\"40%\">Repetibilidad [%Sn]:<\/td>\n<td class=\"riga2\" width=\"60%\">&lt; 3<\/td>\n<\/tr>\n<tr>\n<td class=\"rigaTitolo\" colspan=\"2\"><strong>Condiciones ambientales<\/strong><\/td>\n<\/tr>\n<tr>\n<td class=\"riga1\" width=\"40%\">L\u00edmites de temperatura [\u00b0C]:<\/td>\n<td class=\"riga1\" width=\"60%\">-25\/+70<\/td>\n<\/tr>\n<tr>\n<td class=\"riga2\" width=\"40%\">Grado de protecci\u00f3n :<\/td>\n<td class=\"riga2\" width=\"60%\">IP65-IP66-IP67<\/td>\n<\/tr>\n<tr>\n<td class=\"rigaTitolo\" colspan=\"2\"><strong>Elementos de visualizaci\u00f3n y control<\/strong><\/td>\n<\/tr>\n<tr>\n<td class=\"riga1\" width=\"40%\">Se\u00f1alizaci\u00f3n :<\/td>\n<td class=\"riga1\" width=\"60%\">Estado de conmutaci\u00f3n de salida &#8211; 1 x LED: Amarillo<\/td>\n<\/tr>\n<tr>\n<td class=\"rigaTitolo\" colspan=\"2\"><strong>Datos mec\u00e1nicos<\/strong><\/td>\n<\/tr>\n<tr>\n<td class=\"riga1\" width=\"40%\">Carcasa :<\/td>\n<td class=\"riga1\" width=\"60%\">Cil\u00edndrica lisa<\/td>\n<\/tr>\n<tr>\n<td class=\"riga2\" width=\"40%\">Dimensiones [mm]:<\/td>\n<td class=\"riga2\" width=\"60%\">\u00d8 6.5 &#8211; L=50<\/td>\n<\/tr>\n<tr>\n<td class=\"riga1\" width=\"40%\">Materiales :<\/td>\n<td class=\"riga1\" width=\"60%\">Carcasa: AISI 303 &#8211; Superficie activa: POM gris<\/td>\n<\/tr>\n<tr>\n<td class=\"riga2\" width=\"40%\">Montaje :<\/td>\n<td class=\"riga2\" width=\"60%\">Enrasado<\/td>\n<\/tr>\n<tr>\n<td class=\"riga1\" width=\"40%\">Peso [g]:<\/td>\n<td class=\"riga1\" width=\"60%\">50<\/td>\n<\/tr>\n<tr>\n<td class=\"rigaTitolo\" colspan=\"2\"><strong>Conexiones el\u00e9ctricas<\/strong><\/td>\n<\/tr>\n<tr>\n<td class=\"riga1\" width=\"40%\">Cable :<\/td>\n<td class=\"riga1\" width=\"60%\">2 m &#8211; PVC\/PVC &#8211; 3 x 0.14 mm\u00b2<\/td>\n<\/tr>\n<tr>\n<td class=\"rigaTitolo\" colspan=\"2\"><strong>Conformidad con las normas \/ Directivas<\/strong><\/td>\n<\/tr>\n<tr>\n<td class=\"riga1\" width=\"40%\">Cumplimiento de directivas :<\/td>\n<td class=\"riga1\" width=\"60%\">2014\/30\/UE &#8211; Directiva de compatibilidad electromagn\u00e9tica (CEM)<\/td>\n<\/tr>\n<tr>\n<td class=\"riga2\" width=\"40%\">Cumplimiento de normas :<\/td>\n<td class=\"riga2\" width=\"60%\">EN60947-5-2 &#8211; Norma de producto<\/td>\n<\/tr>\n<\/tbody>\n<\/table>\n<\/div>\n<\/div>\n<\/div>\n<\/div>\n<\/div>\n<\/div>\n<\/div>\n<\/div>\n<\/div>\n<div class=\"popup\">\n<div>Normas de instalaci\u00f3n<\/div>\n<div align=\"right\"><a class=\"close-reveal-modal\" title=\"Chiudere\" href=\"https:\/\/www.aecosensors.com\/?fuseaction=skdProdotti&amp;idprodotto=3120#close\" rel=\"nofollow noopener\" target=\"_blank\"><strong>X<\/strong><\/a><\/div>\n<div><\/div>\n<div><strong>CONEXIONES<\/strong><\/div>\n<div><img decoding=\"async\" src=\"https:\/\/www.aecosensors.com\/files\/ES\/norme\/JX211A.gif\" alt=\"\" title=\"\"><\/div>\n<div><strong>INSTRUCCIONES PARA LA INSTALACI\u00d3N<\/strong><\/div>\n<div><img decoding=\"async\" src=\"https:\/\/www.aecosensors.com\/files\/ES\/norme\/JI1336A.jpg\" alt=\"\" title=\"\"><\/div>\n<\/div>\n<div id=\"footer-down\">\n<div class=\"footer-down-wrap wrap flex\"><\/div>\n<\/div>\n","protected":false},"excerpt":{"rendered":"<p><a href=\"http:\/\/www.getec.cl\/home\/info\/AE 1355.pdf\" target=\"_blank\" rel=\"noopener\">Descargar Informacion Tecnica (PDF)<\/a><\/p>\n","protected":false},"featured_media":5440,"template":"","meta":{"_uag_custom_page_level_css":"","site-sidebar-layout":"default","site-content-layout":"","ast-site-content-layout":"default","site-content-style":"default","site-sidebar-style":"default","ast-global-header-display":"","ast-banner-title-visibility":"","ast-main-header-display":"","ast-hfb-above-header-display":"","ast-hfb-below-header-display":"","ast-hfb-mobile-header-display":"","site-post-title":"","ast-breadcrumbs-content":"","ast-featured-img":"","footer-sml-layout":"","ast-disable-related-posts":"","theme-transparent-header-meta":"","adv-header-id-meta":"","stick-header-meta":"","header-above-stick-meta":"","header-main-stick-meta":"","header-below-stick-meta":"","astra-migrate-meta-layouts":"default","ast-page-background-enabled":"default","ast-page-background-meta":{"desktop":{"background-color":"","background-image":"","background-repeat":"repeat","background-position":"center center","background-size":"auto","background-attachment":"scroll","background-type":"","background-media":"","overlay-type":"","overlay-color":"","overlay-opacity":"","overlay-gradient":""},"tablet":{"background-color":"","background-image":"","background-repeat":"repeat","background-position":"center center","background-size":"auto","background-attachment":"scroll","background-type":"","background-media":"","overlay-type":"","overlay-color":"","overlay-opacity":"","overlay-gradient":""},"mobile":{"background-color":"","background-image":"","background-repeat":"repeat","background-position":"center center","background-size":"auto","background-attachment":"scroll","background-type":"","background-media":"","overlay-type":"","overlay-color":"","overlay-opacity":"","overlay-gradient":""}},"ast-content-background-meta":{"desktop":{"background-color":"var(--ast-global-color-5)","background-image":"","background-repeat":"repeat","background-position":"center center","background-size":"auto","background-attachment":"scroll","background-type":"","background-media":"","overlay-type":"","overlay-color":"","overlay-opacity":"","overlay-gradient":""},"tablet":{"background-color":"var(--ast-global-color-5)","background-image":"","background-repeat":"repeat","background-position":"center center","background-size":"auto","background-attachment":"scroll","background-type":"","background-media":"","overlay-type":"","overlay-color":"","overlay-opacity":"","overlay-gradient":""},"mobile":{"background-color":"var(--ast-global-color-5)","background-image":"","background-repeat":"repeat","background-position":"center center","background-size":"auto","background-attachment":"scroll","background-type":"","background-media":"","overlay-type":"","overlay-color":"","overlay-opacity":"","overlay-gradient":""}},"_joinchat":[]},"product_brand":[],"product_cat":[64],"product_tag":[58],"class_list":{"0":"post-7482","1":"product","2":"type-product","3":"status-publish","4":"has-post-thumbnail","6":"product_cat-sensor-inductivo","7":"product_tag-aeco","8":"pa_marca-aeco","9":"desktop-align-center","10":"tablet-align-left","11":"mobile-align-center","13":"first","14":"instock","15":"taxable","16":"shipping-taxable","17":"purchasable","18":"product-type-simple"},"uagb_featured_image_src":{"full":["https:\/\/www.getec.cl\/home\/wp-content\/uploads\/2023\/10\/AE201355.png",1040,780,false],"thumbnail":["https:\/\/www.getec.cl\/home\/wp-content\/uploads\/2023\/10\/AE201355-150x150.png",150,150,true],"medium":["https:\/\/www.getec.cl\/home\/wp-content\/uploads\/2023\/10\/AE201355-300x225.png",300,225,true],"medium_large":["https:\/\/www.getec.cl\/home\/wp-content\/uploads\/2023\/10\/AE201355-768x576.png",768,576,true],"large":["https:\/\/www.getec.cl\/home\/wp-content\/uploads\/2023\/10\/AE201355-1024x768.png",1024,768,true],"1536x1536":["https:\/\/www.getec.cl\/home\/wp-content\/uploads\/2023\/10\/AE201355.png",1040,780,false],"2048x2048":["https:\/\/www.getec.cl\/home\/wp-content\/uploads\/2023\/10\/AE201355.png",1040,780,false],"woocommerce_thumbnail":["https:\/\/www.getec.cl\/home\/wp-content\/uploads\/2023\/10\/AE201355-300x225.png",300,225,true],"woocommerce_single":["https:\/\/www.getec.cl\/home\/wp-content\/uploads\/2023\/10\/AE201355-600x450.png",600,450,true],"woocommerce_gallery_thumbnail":["https:\/\/www.getec.cl\/home\/wp-content\/uploads\/2023\/10\/AE201355-100x100.png",100,100,true],"dgwt-wcas-product-suggestion":["https:\/\/www.getec.cl\/home\/wp-content\/uploads\/2023\/10\/AE201355.png",64,48,false]},"uagb_author_info":{"display_name":"getec","author_link":"https:\/\/www.getec.cl\/home\/author\/"},"uagb_comment_info":0,"uagb_excerpt":"Descargar Informacion Tecnica (PDF)","_links":{"self":[{"href":"https:\/\/www.getec.cl\/home\/wp-json\/wp\/v2\/product\/7482","targetHints":{"allow":["GET"]}}],"collection":[{"href":"https:\/\/www.getec.cl\/home\/wp-json\/wp\/v2\/product"}],"about":[{"href":"https:\/\/www.getec.cl\/home\/wp-json\/wp\/v2\/types\/product"}],"wp:featuredmedia":[{"embeddable":true,"href":"https:\/\/www.getec.cl\/home\/wp-json\/wp\/v2\/media\/5440"}],"wp:attachment":[{"href":"https:\/\/www.getec.cl\/home\/wp-json\/wp\/v2\/media?parent=7482"}],"wp:term":[{"taxonomy":"product_brand","embeddable":true,"href":"https:\/\/www.getec.cl\/home\/wp-json\/wp\/v2\/product_brand?post=7482"},{"taxonomy":"product_cat","embeddable":true,"href":"https:\/\/www.getec.cl\/home\/wp-json\/wp\/v2\/product_cat?post=7482"},{"taxonomy":"product_tag","embeddable":true,"href":"https:\/\/www.getec.cl\/home\/wp-json\/wp\/v2\/product_tag?post=7482"}],"curies":[{"name":"wp","href":"https:\/\/api.w.org\/{rel}","templated":true}]}}