{"id":7444,"date":"2023-10-11T12:52:15","date_gmt":"2023-10-11T15:52:15","guid":{"rendered":"https:\/\/gtl.cl\/?post_type=product&#038;p=7444"},"modified":"2026-04-20T08:52:49","modified_gmt":"2026-04-20T12:52:49","slug":"sms88-p5-2nc-cl","status":"publish","type":"product","link":"https:\/\/www.getec.cl\/home\/producto\/sms88-p5-2nc-cl\/","title":{"rendered":"SMS88-P5 2NC CL"},"content":{"rendered":"<table class=\"table table-striped\" cellspacing=\"0\" cellpadding=\"2\">\n<tbody>\n<tr>\n<td class=\"riga1\" width=\"40%\"><span>Tensi\u00f3n asignada de empleo<\/span><br \/>\n<span>Ue :<\/span><\/td>\n<td class=\"riga1\" width=\"60%\"><span>24 Vca\/cc<\/span><\/td>\n<\/tr>\n<tr>\n<td class=\"riga2\" width=\"40%\"><span>Corriente nominal de funcionamiento<\/span><br \/>\n<span>Ie :<\/span><\/td>\n<td class=\"riga2\" width=\"60%\"><span>0.25A<\/span><\/td>\n<\/tr>\n<tr>\n<td class=\"riga1\" width=\"40%\"><span>Carga m\u00e1xima conmutable:<\/span><\/td>\n<td class=\"riga1\" width=\"60%\"><span>6W (carga resistiva)<\/span><\/td>\n<\/tr>\n<tr>\n<td class=\"riga2\" width=\"40%\"><span>Funci\u00f3n :<\/span><\/td>\n<td class=\"riga2\" width=\"60%\"><span>2NC (con actuador magn\u00e9tico presente)<\/span><\/td>\n<\/tr>\n<tr>\n<td class=\"riga1\" width=\"40%\"><span>Corriente t\u00e9rmica Ith :<\/span><\/td>\n<td class=\"riga1\" width=\"60%\"><span>0.25A<\/span><\/td>\n<\/tr>\n<tr>\n<td class=\"riga2\" width=\"40%\"><span>Tensi\u00f3n asignada<\/span><br \/>\n<span>de aislamiento Ui :<\/span><\/td>\n<td class=\"riga2\" width=\"60%\"><span>120Vac<\/span><\/td>\n<\/tr>\n<tr>\n<td class=\"riga1\" width=\"40%\"><span>Tensi\u00f3n soportada de impulso nominal<\/span><br \/>\n<span>Uimp :<\/span><\/td>\n<td class=\"riga1\" width=\"60%\"><span>6KV<\/span><\/td>\n<\/tr>\n<tr>\n<td class=\"riga2\" width=\"40%\"><span>Durabilidad el\u00e9ctrica:<\/span><\/td>\n<td class=\"riga2\" width=\"60%\"><span>1 mill\u00f3n de maniobras<\/span><\/td>\n<\/tr>\n<tr>\n<td class=\"riga1\" width=\"40%\"><span>Sao distancia de operaci\u00f3n asegurada :<\/span><\/td>\n<td class=\"riga1\" width=\"60%\"><span>5 mm con actuador AMS88-P5 y 8 mm con actuador AMS88-P8<\/span><\/td>\n<\/tr>\n<tr>\n<td class=\"riga2\" width=\"40%\"><span>Distancia de liberaci\u00f3n asegurada Sar :<\/span><\/td>\n<td class=\"riga2\" width=\"60%\"><span>15 mm con actuador AMS88-P5 y 20 mm con actuador AMS88-P8<\/span><\/td>\n<\/tr>\n<tr>\n<td class=\"riga1\" width=\"40%\"><span>Precisi\u00f3n de repetibilidad:<\/span><\/td>\n<td class=\"riga1\" width=\"60%\"><span>&lt;10%<\/span><\/td>\n<\/tr>\n<tr>\n<td class=\"riga2\" width=\"40%\"><span>Frecuencia de cambio :<\/span><\/td>\n<td class=\"riga2\" width=\"60%\"><span>200Hz<\/span><\/td>\n<\/tr>\n<tr>\n<td class=\"riga1\" width=\"40%\"><span>Tiempo de respuesta :<\/span><\/td>\n<td class=\"riga1\" width=\"60%\"><span>&lt;10ms<\/span><\/td>\n<\/tr>\n<tr>\n<td class=\"riga2\" width=\"40%\"><span>Nivel SIL (SIL CL) :<\/span><\/td>\n<td class=\"riga2\" width=\"60%\"><span>hasta SIL3 seg\u00fan IEC 62061 y EN 62061<\/span><\/td>\n<\/tr>\n<tr>\n<td class=\"riga1\" width=\"40%\"><span>Nivel de rendimiento (PL) :<\/span><\/td>\n<td class=\"riga1\" width=\"60%\"><span>hasta PL e seg\u00fan EN ISO 13849-1<\/span><\/td>\n<\/tr>\n<tr>\n<td class=\"riga2\" width=\"40%\"><span>Categor\u00eda de seguridad:<\/span><\/td>\n<td class=\"riga2\" width=\"60%\"><span>hasta 4 seg\u00fan EN ISO 13849-1<\/span><\/td>\n<\/tr>\n<tr>\n<td class=\"riga1\" width=\"40%\"><span>B10d por canal:<\/span><\/td>\n<td class=\"riga1\" width=\"60%\"><span>400.000 operaciones (a plena carga: DC12, 24V, 0,25A) y 20.000.000 operaciones (con m\u00f3dulo de seguridad<\/span><\/td>\n<\/tr>\n<tr>\n<td class=\"riga2\" width=\"40%\"><span>Cumplimiento normativo :<\/span><\/td>\n<td class=\"riga2\" width=\"60%\"><span>EN 60947-1, IEC 60947-1, EN 60947-5-1, IEC 60947-5-1, EN 60947-5-2, IEC 60947-5-2, EN 60947-5-3, ES<\/span><\/td>\n<\/tr>\n<tr>\n<td class=\"riga1\" width=\"40%\"><span>Cumplimiento de las directivas:<\/span><\/td>\n<td class=\"riga1\" width=\"60%\"><span>2006\/42\/EC &#8211; Directiva de M\u00e1quinas y 2014\/30\/EU &#8211; Directiva de Compatibilidad Electromagn\u00e9tica<\/span><\/td>\n<\/tr>\n<tr>\n<td class=\"riga2\" width=\"40%\"><span>L\u00edmites de temperatura:<\/span><\/td>\n<td class=\"riga2\" width=\"60%\"><span>-25 \u00f7 +80\u00b0C<\/span><\/td>\n<\/tr>\n<tr>\n<td class=\"riga1\" width=\"40%\"><span>Grado de protecci\u00f3n :<\/span><\/td>\n<td class=\"riga1\" width=\"60%\"><span>IP67<\/span><\/td>\n<\/tr>\n<tr>\n<td class=\"riga2\" width=\"40%\"><span>Grado de contaminaci\u00f3n :<\/span><\/td>\n<td class=\"riga2\" width=\"60%\"><span>3<\/span><\/td>\n<\/tr>\n<tr>\n<td class=\"riga1\" width=\"40%\"><span>Resistencia al impacto :<\/span><\/td>\n<td class=\"riga1\" width=\"60%\"><span>30gn -11ms seg\u00fan IEC 60068-2-27 y EN 60068-2-27<\/span><\/td>\n<\/tr>\n<tr>\n<td class=\"riga2\" width=\"40%\"><span>Resistencia de vibracion :<\/span><\/td>\n<td class=\"riga2\" width=\"60%\"><span>10gn-(10 &#8230; 150Hz) seg\u00fan IEC 60068-2-6 y EN 60068-2-6<\/span><\/td>\n<\/tr>\n<tr>\n<td class=\"riga1\" width=\"40%\"><span>Tipo de cable :<\/span><\/td>\n<td class=\"riga1\" width=\"60%\"><span>PVC 4&#215;0,25mm2<\/span><\/td>\n<\/tr>\n<tr>\n<td class=\"riga2\" width=\"40%\"><span>Material de la Caja :<\/span><\/td>\n<td class=\"riga2\" width=\"60%\"><span>PBT + VP<\/span><\/td>\n<\/tr>\n<tr>\n<td class=\"riga1\" width=\"40%\"><span>Peso :<\/span><\/td>\n<td class=\"riga1\" width=\"60%\"><span>50 gramos<\/span><\/td>\n<\/tr>\n<\/tbody>\n<\/table>\n","protected":false},"excerpt":{"rendered":"<p>Tensi\u00f3n asignada de empleo Ue : 24 Vca\/cc Corriente nominal de funcionamiento Ie : 0.25A Carga m\u00e1xima conmutable: 6W (carga resistiva) Funci\u00f3n : 2NC (con actuador magn\u00e9tico presente) Corriente t\u00e9rmica Ith : 0.25A Tensi\u00f3n asignada de aislamiento Ui : 120Vac Tensi\u00f3n soportada de impulso nominal Uimp : 6KV Durabilidad el\u00e9ctrica: 1 mill\u00f3n de maniobras Sao [&hellip;]<\/p>\n","protected":false},"featured_media":5364,"template":"","meta":{"_uag_custom_page_level_css":"","site-sidebar-layout":"default","site-content-layout":"","ast-site-content-layout":"default","site-content-style":"default","site-sidebar-style":"default","ast-global-header-display":"","ast-banner-title-visibility":"","ast-main-header-display":"","ast-hfb-above-header-display":"","ast-hfb-below-header-display":"","ast-hfb-mobile-header-display":"","site-post-title":"","ast-breadcrumbs-content":"","ast-featured-img":"","footer-sml-layout":"","ast-disable-related-posts":"","theme-transparent-header-meta":"","adv-header-id-meta":"","stick-header-meta":"","header-above-stick-meta":"","header-main-stick-meta":"","header-below-stick-meta":"","astra-migrate-meta-layouts":"default","ast-page-background-enabled":"default","ast-page-background-meta":{"desktop":{"background-color":"","background-image":"","background-repeat":"repeat","background-position":"center center","background-size":"auto","background-attachment":"scroll","background-type":"","background-media":"","overlay-type":"","overlay-color":"","overlay-opacity":"","overlay-gradient":""},"tablet":{"background-color":"","background-image":"","background-repeat":"repeat","background-position":"center center","background-size":"auto","background-attachment":"scroll","background-type":"","background-media":"","overlay-type":"","overlay-color":"","overlay-opacity":"","overlay-gradient":""},"mobile":{"background-color":"","background-image":"","background-repeat":"repeat","background-position":"center center","background-size":"auto","background-attachment":"scroll","background-type":"","background-media":"","overlay-type":"","overlay-color":"","overlay-opacity":"","overlay-gradient":""}},"ast-content-background-meta":{"desktop":{"background-color":"var(--ast-global-color-5)","background-image":"","background-repeat":"repeat","background-position":"center center","background-size":"auto","background-attachment":"scroll","background-type":"","background-media":"","overlay-type":"","overlay-color":"","overlay-opacity":"","overlay-gradient":""},"tablet":{"background-color":"var(--ast-global-color-5)","background-image":"","background-repeat":"repeat","background-position":"center center","background-size":"auto","background-attachment":"scroll","background-type":"","background-media":"","overlay-type":"","overlay-color":"","overlay-opacity":"","overlay-gradient":""},"mobile":{"background-color":"var(--ast-global-color-5)","background-image":"","background-repeat":"repeat","background-position":"center center","background-size":"auto","background-attachment":"scroll","background-type":"","background-media":"","overlay-type":"","overlay-color":"","overlay-opacity":"","overlay-gradient":""}},"_joinchat":[]},"product_brand":[],"product_cat":[63],"product_tag":[58],"class_list":{"0":"post-7444","1":"product","2":"type-product","3":"status-publish","4":"has-post-thumbnail","6":"product_cat-sensor-magnetico","7":"product_tag-aeco","8":"pa_marca-aeco","9":"desktop-align-center","10":"tablet-align-left","11":"mobile-align-center","13":"first","14":"instock","15":"taxable","16":"shipping-taxable","17":"purchasable","18":"product-type-simple"},"uagb_featured_image_src":{"full":["https:\/\/www.getec.cl\/home\/wp-content\/uploads\/2023\/10\/AE201134.png",1040,780,false],"thumbnail":["https:\/\/www.getec.cl\/home\/wp-content\/uploads\/2023\/10\/AE201134-150x150.png",150,150,true],"medium":["https:\/\/www.getec.cl\/home\/wp-content\/uploads\/2023\/10\/AE201134-300x225.png",300,225,true],"medium_large":["https:\/\/www.getec.cl\/home\/wp-content\/uploads\/2023\/10\/AE201134-768x576.png",768,576,true],"large":["https:\/\/www.getec.cl\/home\/wp-content\/uploads\/2023\/10\/AE201134-1024x768.png",1024,768,true],"1536x1536":["https:\/\/www.getec.cl\/home\/wp-content\/uploads\/2023\/10\/AE201134.png",1040,780,false],"2048x2048":["https:\/\/www.getec.cl\/home\/wp-content\/uploads\/2023\/10\/AE201134.png",1040,780,false],"woocommerce_thumbnail":["https:\/\/www.getec.cl\/home\/wp-content\/uploads\/2023\/10\/AE201134-300x225.png",300,225,true],"woocommerce_single":["https:\/\/www.getec.cl\/home\/wp-content\/uploads\/2023\/10\/AE201134-600x450.png",600,450,true],"woocommerce_gallery_thumbnail":["https:\/\/www.getec.cl\/home\/wp-content\/uploads\/2023\/10\/AE201134-100x100.png",100,100,true],"dgwt-wcas-product-suggestion":["https:\/\/www.getec.cl\/home\/wp-content\/uploads\/2023\/10\/AE201134.png",64,48,false]},"uagb_author_info":{"display_name":"getec","author_link":"https:\/\/www.getec.cl\/home\/author\/"},"uagb_comment_info":0,"uagb_excerpt":"Tensi\u00f3n asignada de empleo Ue : 24 Vca\/cc Corriente nominal de funcionamiento Ie : 0.25A Carga m\u00e1xima conmutable: 6W (carga resistiva) Funci\u00f3n : 2NC (con actuador magn\u00e9tico presente) Corriente t\u00e9rmica Ith : 0.25A Tensi\u00f3n asignada de aislamiento Ui : 120Vac Tensi\u00f3n soportada de impulso nominal Uimp : 6KV Durabilidad el\u00e9ctrica: 1 mill\u00f3n de maniobras Sao&hellip;","_links":{"self":[{"href":"https:\/\/www.getec.cl\/home\/wp-json\/wp\/v2\/product\/7444","targetHints":{"allow":["GET"]}}],"collection":[{"href":"https:\/\/www.getec.cl\/home\/wp-json\/wp\/v2\/product"}],"about":[{"href":"https:\/\/www.getec.cl\/home\/wp-json\/wp\/v2\/types\/product"}],"wp:featuredmedia":[{"embeddable":true,"href":"https:\/\/www.getec.cl\/home\/wp-json\/wp\/v2\/media\/5364"}],"wp:attachment":[{"href":"https:\/\/www.getec.cl\/home\/wp-json\/wp\/v2\/media?parent=7444"}],"wp:term":[{"taxonomy":"product_brand","embeddable":true,"href":"https:\/\/www.getec.cl\/home\/wp-json\/wp\/v2\/product_brand?post=7444"},{"taxonomy":"product_cat","embeddable":true,"href":"https:\/\/www.getec.cl\/home\/wp-json\/wp\/v2\/product_cat?post=7444"},{"taxonomy":"product_tag","embeddable":true,"href":"https:\/\/www.getec.cl\/home\/wp-json\/wp\/v2\/product_tag?post=7444"}],"curies":[{"name":"wp","href":"https:\/\/api.w.org\/{rel}","templated":true}]}}